{"id":444,"date":"2024-02-16T11:52:34","date_gmt":"2024-02-16T16:52:34","guid":{"rendered":"https:\/\/www.cybergarde.ca\/?page_id=444"},"modified":"2025-08-06T18:49:13","modified_gmt":"2025-08-06T22:49:13","slug":"blog","status":"publish","type":"page","link":"https:\/\/www.cybergarde.ca\/en\/blog\/","title":{"rendered":"Blog"},"content":{"rendered":"<p>[et_pb_section fb_built=&#8221;1&#8243; fullwidth=&#8221;on&#8221; admin_label=&#8221;Hero&#8221; _builder_version=&#8221;4.24.2&#8243; background_enable_image=&#8221;off&#8221; parallax=&#8221;on&#8221; custom_padding=&#8221;0px|0|0px|0px|false|false&#8221; global_colors_info=&#8221;{}&#8221;][et_pb_fullwidth_header title=&#8221;@ET-DC@eyJkeW5hbWljIjp0cnVlLCJjb250ZW50IjoicG9zdF90aXRsZSIsInNldHRpbmdzIjp7ImJlZm9yZSI6IiIsImFmdGVyIjoiIn19@&#8221; text_orientation=&#8221;center&#8221; admin_label=&#8221;Fullwidth Header&#8221; _builder_version=&#8221;4.24.2&#8243; _dynamic_attributes=&#8221;title&#8221; title_font=&#8221;Share Tech||||||||&#8221; title_text_align=&#8221;center&#8221; title_font_size=&#8221;65px&#8221; title_line_height=&#8221;1.2em&#8221; content_font=&#8221;Open Sans||||||||&#8221; content_text_align=&#8221;center&#8221; content_font_size=&#8221;18px&#8221; background_color_gradient_overlays_image=&#8221;on&#8221; custom_button_one=&#8221;on&#8221; button_one_text_size=&#8221;15px&#8221; button_one_bg_color=&#8221;#ffa727&#8243; button_one_border_width=&#8221;15px&#8221; button_one_border_color=&#8221;#ffa727&#8243; button_one_border_radius=&#8221;100px&#8221; button_one_letter_spacing=&#8221;5px&#8221; button_one_font=&#8221;Open Sans|700||on|||||&#8221; custom_margin=&#8221;|||&#8221; custom_padding=&#8221;3vw||3vw||true|&#8221; custom_padding_tablet=&#8221;100px||100px||true&#8221; custom_padding_phone=&#8221;|||&#8221; custom_padding_last_edited=&#8221;on|desktop&#8221; title_font_size_tablet=&#8221;60px&#8221; title_font_size_phone=&#8221;36px&#8221; title_font_size_last_edited=&#8221;on|phone&#8221; content_font_size_tablet=&#8221;&#8221; content_font_size_phone=&#8221;16px&#8221; content_font_size_last_edited=&#8221;on|phone&#8221; button_one_text_size_tablet=&#8221;&#8221; button_one_text_size_phone=&#8221;&#8221; button_one_text_size_last_edited=&#8221;on|desktop&#8221; button_one_border_color_hover=&#8221;#ff8a3d&#8221; button_one_border_radius_hover=&#8221;100px&#8221; button_one_letter_spacing_hover=&#8221;5px&#8221; button_one_bg_color_hover=&#8221;#ff8a3d&#8221; global_colors_info=&#8221;{}&#8221; button_one_text_size__hover_enabled=&#8221;off&#8221; button_two_text_size__hover_enabled=&#8221;off&#8221; button_one_text_color__hover_enabled=&#8221;off&#8221; button_two_text_color__hover_enabled=&#8221;off&#8221; button_one_border_width__hover_enabled=&#8221;off&#8221; button_two_border_width__hover_enabled=&#8221;off&#8221; button_one_border_color__hover_enabled=&#8221;on&#8221; button_one_border_color__hover=&#8221;#ff8a3d&#8221; button_two_border_color__hover_enabled=&#8221;off&#8221; button_one_border_radius__hover_enabled=&#8221;on&#8221; button_one_border_radius__hover=&#8221;100px&#8221; button_two_border_radius__hover_enabled=&#8221;off&#8221; button_one_letter_spacing__hover_enabled=&#8221;on&#8221; button_one_letter_spacing__hover=&#8221;5px&#8221; button_two_letter_spacing__hover_enabled=&#8221;off&#8221; button_one_bg_color__hover_enabled=&#8221;on&#8221; button_one_bg_color__hover=&#8221;#ff8a3d&#8221; button_two_bg_color__hover_enabled=&#8221;off&#8221;][\/et_pb_fullwidth_header][\/et_pb_section][et_pb_section fb_built=&#8221;1&#8243; admin_label=&#8221;Section&#8221; _builder_version=&#8221;4.24.2&#8243; _module_preset=&#8221;default&#8221; background_color=&#8221;RGBA(255,255,255,0)&#8221; custom_margin=&#8221;-36px||||false|false&#8221; custom_padding=&#8221;0px||||false|false&#8221; global_module=&#8221;584&#8243; global_colors_info=&#8221;{}&#8221;][et_pb_row column_structure=&#8221;1_2,1_2&#8243; use_custom_gutter=&#8221;on&#8221; gutter_width=&#8221;2&#8243; _builder_version=&#8221;4.24.2&#8243; _module_preset=&#8221;default&#8221; background_color=&#8221;RGBA(255,255,255,0)&#8221; width=&#8221;100%&#8221; max_width=&#8221;100%&#8221; custom_margin=&#8221;||||false|false&#8221; custom_padding=&#8221;0px||0px||false|false&#8221; locked=&#8221;off&#8221; global_colors_info=&#8221;{}&#8221;][et_pb_column type=&#8221;1_2&#8243; _builder_version=&#8221;4.24.2&#8243; _module_preset=&#8221;default&#8221; global_colors_info=&#8221;{}&#8221;][et_pb_blurb title=&#8221;Talk to an expert&#8221; url=&#8221;#contact&#8221; content_max_width=&#8221;1100px&#8221; content_max_width_last_edited=&#8221;off|desktop&#8221; _builder_version=&#8221;4.24.2&#8243; header_font=&#8221;Open Sans|700||on|||||&#8221; header_font_size=&#8221;14px&#8221; header_letter_spacing=&#8221;5px&#8221; header_line_height=&#8221;2em&#8221; body_font=&#8221;||||||||&#8221; background_color=&#8221;#0442B4&#8243; use_background_color_gradient=&#8221;on&#8221; background_color_gradient_direction=&#8221;90deg&#8221; background_color_gradient_stops=&#8221;#ffffff 0%|#0442b4 100%&#8221; background_color_gradient_start=&#8221;#ffffff&#8221; background_color_gradient_end=&#8221;#2573f9&#8243; text_orientation=&#8221;right&#8221; custom_padding=&#8221;20px|40px|12px|40px|false|true&#8221; animation_direction=&#8221;left&#8221; border_radii=&#8221;||100px|100px|&#8221; locked=&#8221;off&#8221; global_colors_info=&#8221;{}&#8221;][\/et_pb_blurb][\/et_pb_column][et_pb_column type=&#8221;1_2&#8243; _builder_version=&#8221;4.24.2&#8243; _module_preset=&#8221;default&#8221; global_colors_info=&#8221;{}&#8221;][\/et_pb_column][\/et_pb_row][\/et_pb_section][et_pb_section fb_built=&#8221;1&#8243; _builder_version=&#8221;4.24.0&#8243; _module_preset=&#8221;default&#8221; global_colors_info=&#8221;{}&#8221;][et_pb_row use_custom_gutter=&#8221;on&#8221; gutter_width=&#8221;2&#8243; make_equal=&#8221;on&#8221; _builder_version=&#8221;4.24.2&#8243; _module_preset=&#8221;default&#8221; custom_padding=&#8221;||||false|false&#8221; global_colors_info=&#8221;{}&#8221;][et_pb_column type=&#8221;4_4&#8243; _builder_version=&#8221;4.24.0&#8243; _module_preset=&#8221;default&#8221; global_colors_info=&#8221;{}&#8221;][et_pb_blog fullwidth=&#8221;off&#8221; posts_number=&#8221;12&#8243; include_categories=&#8221;all&#8221; show_author=&#8221;off&#8221; _builder_version=&#8221;4.24.2&#8243; _module_preset=&#8221;default&#8221; header_font=&#8221;Share Tech||||||||&#8221; header_text_color=&#8221;#000000&#8243; header_font_size=&#8221;22px&#8221; header_line_height=&#8221;1.4em&#8221; body_font=&#8221;Open Sans||||||||&#8221; border_style_all=&#8221;none&#8221; global_colors_info=&#8221;{}&#8221;][\/et_pb_blog][\/et_pb_column][\/et_pb_row][\/et_pb_section]<\/p>\n","protected":false},"excerpt":{"rendered":"","protected":false},"author":1,"featured_media":0,"parent":0,"menu_order":30,"comment_status":"closed","ping_status":"closed","template":"","meta":{"_et_pb_use_builder":"on","_et_pb_old_content":"[et_pb_section fb_built=\"1\" fullwidth=\"on\" admin_label=\"Hero\" _builder_version=\"4.24.2\" background_enable_image=\"off\" parallax=\"on\" custom_padding=\"0px|0|0px|0px|false|false\" global_colors_info=\"{}\"][et_pb_fullwidth_header title=\"Blogue\" text_orientation=\"center\" admin_label=\"Fullwidth Header\" _builder_version=\"4.24.2\" title_font=\"Share Tech||||||||\" title_text_align=\"center\" title_font_size=\"65px\" title_line_height=\"1.2em\" content_font=\"Open Sans||||||||\" content_text_align=\"center\" content_font_size=\"18px\" content_line_height=\"1.8em\" background_color_gradient_overlays_image=\"on\" custom_button_one=\"on\" button_one_text_size=\"15px\" button_one_bg_color=\"#ffa727\" button_one_border_width=\"15px\" button_one_border_color=\"#ffa727\" button_one_border_radius=\"100px\" button_one_letter_spacing=\"5px\" button_one_font=\"Open Sans|700||on|||||\" custom_margin=\"|||\" custom_padding=\"3vw||3vw||true|\" custom_padding_tablet=\"100px||100px||true\" custom_padding_phone=\"|||\" custom_padding_last_edited=\"on|desktop\" title_font_size_tablet=\"60px\" title_font_size_phone=\"36px\" title_font_size_last_edited=\"on|phone\" content_font_size_tablet=\"\" content_font_size_phone=\"16px\" content_font_size_last_edited=\"on|phone\" button_one_text_size_tablet=\"\" button_one_text_size_phone=\"\" button_one_text_size_last_edited=\"on|desktop\" button_one_border_color_hover=\"#ff8a3d\" button_one_border_radius_hover=\"100px\" button_one_letter_spacing_hover=\"5px\" button_one_bg_color_hover=\"#ff8a3d\" global_colors_info=\"{}\" button_one_text_size__hover_enabled=\"off\" button_two_text_size__hover_enabled=\"off\" button_one_text_color__hover_enabled=\"off\" button_two_text_color__hover_enabled=\"off\" button_one_border_width__hover_enabled=\"off\" button_two_border_width__hover_enabled=\"off\" button_one_border_color__hover_enabled=\"on\" button_one_border_color__hover=\"#ff8a3d\" button_two_border_color__hover_enabled=\"off\" button_one_border_radius__hover_enabled=\"on\" button_one_border_radius__hover=\"100px\" button_two_border_radius__hover_enabled=\"off\" button_one_letter_spacing__hover_enabled=\"on\" button_one_letter_spacing__hover=\"5px\" button_two_letter_spacing__hover_enabled=\"off\" button_one_bg_color__hover_enabled=\"on\" button_one_bg_color__hover=\"#ff8a3d\" button_two_bg_color__hover_enabled=\"off\"][\/et_pb_fullwidth_header][\/et_pb_section][et_pb_section fb_built=\"1\" use_custom_gutter=\"on\" gutter_width=\"2\" specialty=\"on\" padding_top_1=\"0px\" padding_top_2=\"0px\" padding_bottom_1=\"0px\" padding_bottom_2=\"0px\" padding_top_bottom_link_1=\"true\" padding_top_bottom_link_2=\"true\" admin_label=\"Button Bar\" _builder_version=\"4.16\" background_color=\"rgba(255,255,255,0)\" inner_width=\"100%\" inner_max_width=\"100%\" custom_margin=\"-36px|||\" custom_padding=\"0||||false|false\" use_custom_width=\"on\" width_unit=\"off\" custom_width_percent=\"100%\" global_colors_info=\"{}\"][et_pb_column type=\"1_2\" _builder_version=\"4.16\" custom_padding=\"|||\" global_colors_info=\"{}\" custom_padding__hover=\"|||\"][et_pb_blurb title=\"Parlez \u00e0 un expert\" url=\"#contact\" content_max_width=\"1100px\" content_max_width_last_edited=\"off|desktop\" _builder_version=\"4.24.2\" header_font=\"Open Sans|700||on|||||\" header_font_size=\"14px\" header_letter_spacing=\"5px\" header_line_height=\"2em\" body_font=\"||||||||\" background_color=\"#0442B4\" use_background_color_gradient=\"on\" background_color_gradient_direction=\"90deg\" background_color_gradient_stops=\"#ffffff 0%|#0442b4 100%\" background_color_gradient_start=\"#ffffff\" background_color_gradient_end=\"#2573f9\" text_orientation=\"right\" background_layout=\"dark\" custom_padding=\"20px|40px|12px|40px|false|true\" animation_direction=\"left\" border_radii=\"||100px|100px|\" locked=\"off\" global_colors_info=\"{}\"][\/et_pb_blurb][\/et_pb_column][et_pb_column type=\"1_2\" specialty_columns=\"2\" _builder_version=\"4.16\" custom_padding=\"|||\" global_colors_info=\"{}\" custom_padding__hover=\"|||\"][\/et_pb_column][\/et_pb_section][et_pb_section fb_built=\"1\" _builder_version=\"4.24.0\" _module_preset=\"default\" global_colors_info=\"{}\"][et_pb_row use_custom_gutter=\"on\" gutter_width=\"2\" make_equal=\"on\" _builder_version=\"4.24.2\" _module_preset=\"default\" hover_enabled=\"0\" global_colors_info=\"{}\" custom_padding=\"||||false|false\" sticky_enabled=\"0\"][et_pb_column type=\"4_4\" _builder_version=\"4.24.0\" _module_preset=\"default\" global_colors_info=\"{}\"][et_pb_blog fullwidth=\"off\" posts_number=\"12\" include_categories=\"all\" meta_date=\"j M Y\" show_author=\"off\" _builder_version=\"4.24.2\" _module_preset=\"default\" header_font=\"Share Tech||||||||\" header_text_color=\"#000000\" header_font_size=\"22px\" header_line_height=\"1.4em\" body_font=\"Open Sans||||||||\" body_font_size=\"16px\" body_line_height=\"1.8em\" hover_enabled=\"0\" border_style_all=\"none\" global_colors_info=\"{}\" sticky_enabled=\"0\"][\/et_pb_blog][\/et_pb_column][\/et_pb_row][\/et_pb_section]","_et_gb_content_width":"","footnotes":""},"class_list":["post-444","page","type-page","status-publish","hentry"],"yoast_head":"<!-- This site is optimized with the Yoast SEO plugin v27.4 - https:\/\/yoast.com\/product\/yoast-seo-wordpress\/ -->\n<title>Blog - Cybergarde<\/title>\n<meta name=\"robots\" content=\"index, follow, max-snippet:-1, max-image-preview:large, max-video-preview:-1\" \/>\n<link rel=\"canonical\" href=\"https:\/\/www.cybergarde.ca\/blogue\/\" \/>\n<meta property=\"og:locale\" content=\"en_US\" \/>\n<meta property=\"og:type\" content=\"article\" \/>\n<meta property=\"og:title\" content=\"Blog - Cybergarde\" \/>\n<meta property=\"og:url\" content=\"https:\/\/www.cybergarde.ca\/blogue\/\" \/>\n<meta property=\"og:site_name\" content=\"Cybergarde\" \/>\n<meta property=\"article:publisher\" content=\"https:\/\/www.facebook.com\/profile.php?id=61551051522738\" \/>\n<meta property=\"article:modified_time\" content=\"2025-08-06T22:49:13+00:00\" \/>\n<meta name=\"twitter:card\" content=\"summary_large_image\" \/>\n<meta name=\"twitter:label1\" content=\"Est. reading time\" \/>\n\t<meta name=\"twitter:data1\" content=\"3 minutes\" \/>\n<script type=\"application\/ld+json\" class=\"yoast-schema-graph\">{\"@context\":\"https:\\\/\\\/schema.org\",\"@graph\":[{\"@type\":\"WebPage\",\"@id\":\"https:\\\/\\\/www.cybergarde.ca\\\/blogue\\\/\",\"url\":\"https:\\\/\\\/www.cybergarde.ca\\\/blogue\\\/\",\"name\":\"Blog - Cybergarde\",\"isPartOf\":{\"@id\":\"https:\\\/\\\/www.cybergarde.ca\\\/#website\"},\"datePublished\":\"2024-02-16T16:52:34+00:00\",\"dateModified\":\"2025-08-06T22:49:13+00:00\",\"breadcrumb\":{\"@id\":\"https:\\\/\\\/www.cybergarde.ca\\\/blogue\\\/#breadcrumb\"},\"inLanguage\":\"en-US\",\"potentialAction\":[{\"@type\":\"ReadAction\",\"target\":[\"https:\\\/\\\/www.cybergarde.ca\\\/blogue\\\/\"]}]},{\"@type\":\"BreadcrumbList\",\"@id\":\"https:\\\/\\\/www.cybergarde.ca\\\/blogue\\\/#breadcrumb\",\"itemListElement\":[{\"@type\":\"ListItem\",\"position\":1,\"name\":\"Home\",\"item\":\"https:\\\/\\\/www.cybergarde.ca\\\/\"},{\"@type\":\"ListItem\",\"position\":2,\"name\":\"Blog\"}]},{\"@type\":\"WebSite\",\"@id\":\"https:\\\/\\\/www.cybergarde.ca\\\/#website\",\"url\":\"https:\\\/\\\/www.cybergarde.ca\\\/\",\"name\":\"Cybergarde\",\"description\":\"Ma\u00eetrisez la cybers\u00e9curit\u00e9 de votre entreprise\",\"publisher\":{\"@id\":\"https:\\\/\\\/www.cybergarde.ca\\\/#organization\"},\"potentialAction\":[{\"@type\":\"SearchAction\",\"target\":{\"@type\":\"EntryPoint\",\"urlTemplate\":\"https:\\\/\\\/www.cybergarde.ca\\\/?s={search_term_string}\"},\"query-input\":{\"@type\":\"PropertyValueSpecification\",\"valueRequired\":true,\"valueName\":\"search_term_string\"}}],\"inLanguage\":\"en-US\"},{\"@type\":\"Organization\",\"@id\":\"https:\\\/\\\/www.cybergarde.ca\\\/#organization\",\"name\":\"Cybergarde\",\"url\":\"https:\\\/\\\/www.cybergarde.ca\\\/\",\"logo\":{\"@type\":\"ImageObject\",\"inLanguage\":\"en-US\",\"@id\":\"https:\\\/\\\/www.cybergarde.ca\\\/#\\\/schema\\\/logo\\\/image\\\/\",\"url\":\"https:\\\/\\\/www.cybergarde.ca\\\/wp-content\\\/uploads\\\/2024\\\/02\\\/cybergarde_logo_rgb.svg\",\"contentUrl\":\"https:\\\/\\\/www.cybergarde.ca\\\/wp-content\\\/uploads\\\/2024\\\/02\\\/cybergarde_logo_rgb.svg\",\"width\":\"1024\",\"height\":\"1024\",\"caption\":\"Cybergarde\"},\"image\":{\"@id\":\"https:\\\/\\\/www.cybergarde.ca\\\/#\\\/schema\\\/logo\\\/image\\\/\"},\"sameAs\":[\"https:\\\/\\\/www.facebook.com\\\/profile.php?id=61551051522738\"]}]}<\/script>\n<!-- \/ Yoast SEO plugin. -->","yoast_head_json":{"title":"Blog - Cybergarde","robots":{"index":"index","follow":"follow","max-snippet":"max-snippet:-1","max-image-preview":"max-image-preview:large","max-video-preview":"max-video-preview:-1"},"canonical":"https:\/\/www.cybergarde.ca\/blogue\/","og_locale":"en_US","og_type":"article","og_title":"Blog - Cybergarde","og_url":"https:\/\/www.cybergarde.ca\/blogue\/","og_site_name":"Cybergarde","article_publisher":"https:\/\/www.facebook.com\/profile.php?id=61551051522738","article_modified_time":"2025-08-06T22:49:13+00:00","twitter_card":"summary_large_image","twitter_misc":{"Est. reading time":"3 minutes"},"schema":{"@context":"https:\/\/schema.org","@graph":[{"@type":"WebPage","@id":"https:\/\/www.cybergarde.ca\/blogue\/","url":"https:\/\/www.cybergarde.ca\/blogue\/","name":"Blog - Cybergarde","isPartOf":{"@id":"https:\/\/www.cybergarde.ca\/#website"},"datePublished":"2024-02-16T16:52:34+00:00","dateModified":"2025-08-06T22:49:13+00:00","breadcrumb":{"@id":"https:\/\/www.cybergarde.ca\/blogue\/#breadcrumb"},"inLanguage":"en-US","potentialAction":[{"@type":"ReadAction","target":["https:\/\/www.cybergarde.ca\/blogue\/"]}]},{"@type":"BreadcrumbList","@id":"https:\/\/www.cybergarde.ca\/blogue\/#breadcrumb","itemListElement":[{"@type":"ListItem","position":1,"name":"Home","item":"https:\/\/www.cybergarde.ca\/"},{"@type":"ListItem","position":2,"name":"Blog"}]},{"@type":"WebSite","@id":"https:\/\/www.cybergarde.ca\/#website","url":"https:\/\/www.cybergarde.ca\/","name":"Cybergarde","description":"Ma\u00eetrisez la cybers\u00e9curit\u00e9 de votre entreprise","publisher":{"@id":"https:\/\/www.cybergarde.ca\/#organization"},"potentialAction":[{"@type":"SearchAction","target":{"@type":"EntryPoint","urlTemplate":"https:\/\/www.cybergarde.ca\/?s={search_term_string}"},"query-input":{"@type":"PropertyValueSpecification","valueRequired":true,"valueName":"search_term_string"}}],"inLanguage":"en-US"},{"@type":"Organization","@id":"https:\/\/www.cybergarde.ca\/#organization","name":"Cybergarde","url":"https:\/\/www.cybergarde.ca\/","logo":{"@type":"ImageObject","inLanguage":"en-US","@id":"https:\/\/www.cybergarde.ca\/#\/schema\/logo\/image\/","url":"https:\/\/www.cybergarde.ca\/wp-content\/uploads\/2024\/02\/cybergarde_logo_rgb.svg","contentUrl":"https:\/\/www.cybergarde.ca\/wp-content\/uploads\/2024\/02\/cybergarde_logo_rgb.svg","width":"1024","height":"1024","caption":"Cybergarde"},"image":{"@id":"https:\/\/www.cybergarde.ca\/#\/schema\/logo\/image\/"},"sameAs":["https:\/\/www.facebook.com\/profile.php?id=61551051522738"]}]}},"_links":{"self":[{"href":"https:\/\/www.cybergarde.ca\/en\/wp-json\/wp\/v2\/pages\/444","targetHints":{"allow":["GET"]}}],"collection":[{"href":"https:\/\/www.cybergarde.ca\/en\/wp-json\/wp\/v2\/pages"}],"about":[{"href":"https:\/\/www.cybergarde.ca\/en\/wp-json\/wp\/v2\/types\/page"}],"author":[{"embeddable":true,"href":"https:\/\/www.cybergarde.ca\/en\/wp-json\/wp\/v2\/users\/1"}],"replies":[{"embeddable":true,"href":"https:\/\/www.cybergarde.ca\/en\/wp-json\/wp\/v2\/comments?post=444"}],"version-history":[{"count":8,"href":"https:\/\/www.cybergarde.ca\/en\/wp-json\/wp\/v2\/pages\/444\/revisions"}],"predecessor-version":[{"id":1079,"href":"https:\/\/www.cybergarde.ca\/en\/wp-json\/wp\/v2\/pages\/444\/revisions\/1079"}],"wp:attachment":[{"href":"https:\/\/www.cybergarde.ca\/en\/wp-json\/wp\/v2\/media?parent=444"}],"curies":[{"name":"wp","href":"https:\/\/api.w.org\/{rel}","templated":true}]}}